{"id":10,"date":"2022-10-22T21:41:42","date_gmt":"2022-10-22T21:41:42","guid":{"rendered":"https:\/\/duepeicomercial.com\/?page_id=10"},"modified":"2023-02-02T04:37:59","modified_gmt":"2023-02-02T04:37:59","slug":"noticias","status":"publish","type":"page","link":"https:\/\/duepeicomercial.com\/?page_id=10","title":{"rendered":"Noticias"},"content":{"rendered":"<p>[et_pb_section fb_built=&#8221;1&#8243; _builder_version=&#8221;4.15.1&#8243; _module_preset=&#8221;default&#8221; background_color=&#8221;#2b2b2b&#8221; custom_padding=&#8221;15px||0px|||&#8221; global_module=&#8221;267&#8243; global_colors_info=&#8221;{}&#8221;][et_pb_row _builder_version=&#8221;4.15.1&#8243; _module_preset=&#8221;default&#8221; background_color=&#8221;#2b2b2b&#8221; width=&#8221;88%&#8221; max_width=&#8221;1721px&#8221; module_alignment=&#8221;center&#8221; custom_padding=&#8221;12px||8px|||&#8221; global_colors_info=&#8221;{}&#8221;][et_pb_column type=&#8221;4_4&#8243; _builder_version=&#8221;4.15.1&#8243; _module_preset=&#8221;default&#8221; global_colors_info=&#8221;{}&#8221;][et_pb_menu menu_id=&#8221;none&#8221; menu_style=&#8221;centered&#8221; active_link_color=&#8221;#FFFFFF&#8221; logo=&#8221;https:\/\/duepeicomercial.com\/wp-content\/uploads\/2022\/10\/duepei-logo.png&#8221; logo_width=&#8221;34%&#8221; logo_max_width=&#8221;33%&#8221; logo_height=&#8221;62px&#8221; logo_max_height=&#8221;55px&#8221; _builder_version=&#8221;4.15.1&#8243; _module_preset=&#8221;default&#8221; menu_font=&#8221;Bebas Neue||||||||&#8221; menu_text_color=&#8221;#FFFFFF&#8221; menu_font_size=&#8221;17px&#8221; menu_letter_spacing=&#8221;4px&#8221; background_color=&#8221;#2b2b2b&#8221; module_alignment=&#8221;center&#8221; custom_padding=&#8221;||0px|||&#8221; global_colors_info=&#8221;{}&#8221;][\/et_pb_menu][\/et_pb_column][\/et_pb_row][\/et_pb_section][et_pb_section fb_built=&#8221;1&#8243; _builder_version=&#8221;4.15.1&#8243; _module_preset=&#8221;default&#8221; background_image=&#8221;https:\/\/duepeicomercial.com\/wp-content\/uploads\/2023\/02\/noticias-duepei.jpg&#8221; custom_padding=&#8221;14px|||||&#8221; global_colors_info=&#8221;{}&#8221;][et_pb_row _builder_version=&#8221;4.15.1&#8243; _module_preset=&#8221;default&#8221; hover_enabled=&#8221;0&#8243; global_colors_info=&#8221;{}&#8221; sticky_enabled=&#8221;0&#8243;][et_pb_column type=&#8221;4_4&#8243; _builder_version=&#8221;4.15.1&#8243; _module_preset=&#8221;default&#8221; global_colors_info=&#8221;{}&#8221;][et_pb_slider _builder_version=&#8221;4.15.1&#8243; _module_preset=&#8221;default&#8221; hover_enabled=&#8221;0&#8243; global_colors_info=&#8221;{}&#8221; sticky_enabled=&#8221;0&#8243;][et_pb_slide heading=&#8221;Noticias&#8221; _builder_version=&#8221;4.15.1&#8243; _module_preset=&#8221;default&#8221; header_font_size=&#8221;51px&#8221; body_font_size=&#8221;24px&#8221; background_enable_color=&#8221;on&#8221; hover_enabled=&#8221;0&#8243; global_colors_info=&#8221;{}&#8221; sticky_transition=&#8221;on&#8221; body_font=&#8221;Cairo||||||||&#8221; sticky_enabled=&#8221;0&#8243; background_color=&#8221;RGBA(255,255,255,0)&#8221;]<\/p>\n<p style=\"text-align: center;\">Las mejores noticias,tendencias y contenido sobre dise\u00f1o de espacios comerciales<\/p>\n<p>[\/et_pb_slide][\/et_pb_slider][\/et_pb_column][\/et_pb_row][\/et_pb_section][et_pb_section fb_built=&#8221;1&#8243; _builder_version=&#8221;4.15.1&#8243; _module_preset=&#8221;default&#8221; global_colors_info=&#8221;{}&#8221;][et_pb_row _builder_version=&#8221;4.15.1&#8243; _module_preset=&#8221;default&#8221; global_colors_info=&#8221;{}&#8221;][et_pb_column type=&#8221;4_4&#8243; _builder_version=&#8221;4.15.1&#8243; _module_preset=&#8221;default&#8221; global_colors_info=&#8221;{}&#8221;][et_pb_blog fullwidth=&#8221;off&#8221; include_categories=&#8221;all&#8221; _builder_version=&#8221;4.15.1&#8243; _module_preset=&#8221;default&#8221; global_colors_info=&#8221;{}&#8221;][\/et_pb_blog][\/et_pb_column][\/et_pb_row][\/et_pb_section][et_pb_section fb_built=&#8221;1&#8243; _builder_version=&#8221;4.15.1&#8243; _module_preset=&#8221;default&#8221; background_color=&#8221;#2b2b2b&#8221; custom_padding=&#8221;45px||4px|||&#8221; global_module=&#8221;193&#8243; saved_tabs=&#8221;all&#8221; global_colors_info=&#8221;{}&#8221;][et_pb_row column_structure=&#8221;1_4,1_4,1_4,1_4&#8243; _builder_version=&#8221;4.15.1&#8243; _module_preset=&#8221;default&#8221; width=&#8221;85%&#8221; max_width=&#8221;1327px&#8221; custom_padding=&#8221;18px||37px|||&#8221; global_colors_info=&#8221;{}&#8221;][et_pb_column type=&#8221;1_4&#8243; _builder_version=&#8221;4.15.1&#8243; _module_preset=&#8221;default&#8221; global_colors_info=&#8221;{}&#8221;][et_pb_text _builder_version=&#8221;4.15.1&#8243; _module_preset=&#8221;default&#8221; text_font=&#8221;Cairo|700|||||||&#8221; text_text_color=&#8221;#FFFFFF&#8221; text_letter_spacing=&#8221;6px&#8221; text_line_height=&#8221;1.6em&#8221; header_font=&#8221;Allerta|700|||||||&#8221; header_font_size=&#8221;25px&#8221; width=&#8221;80%&#8221; max_width=&#8221;81%&#8221; module_alignment=&#8221;left&#8221; custom_margin=&#8221;||9px|0px|false|false&#8221; animation_style=&#8221;slide&#8221; animation_direction=&#8221;left&#8221; global_colors_info=&#8221;{}&#8221;]<\/p>\n<p>MENU<br \/>INICIO<br \/>NOSOTROS<br \/>SERVICIOS<br \/>NOTICIAS<br \/>CONTACTO<\/p>\n<p>[\/et_pb_text][\/et_pb_column][et_pb_column type=&#8221;1_4&#8243; _builder_version=&#8221;4.15.1&#8243; _module_preset=&#8221;default&#8221; global_colors_info=&#8221;{}&#8221;][et_pb_text _builder_version=&#8221;4.15.1&#8243; _module_preset=&#8221;default&#8221; text_font=&#8221;Cairo|700|||||||&#8221; text_text_color=&#8221;#FFFFFF&#8221; text_letter_spacing=&#8221;2px&#8221; text_line_height=&#8221;1.4em&#8221; header_font=&#8221;Allerta|700|||||||&#8221; width=&#8221;80%&#8221; max_width=&#8221;81%&#8221; module_alignment=&#8221;left&#8221; custom_margin=&#8221;||9px|0px|false|false&#8221; animation_style=&#8221;slide&#8221; animation_direction=&#8221;left&#8221; global_colors_info=&#8221;{}&#8221;]<\/p>\n<p>Duepei M\u00e9xico<br \/>Bosque de Echegaray<br \/>Naucalpan<br \/>CP 53310<br \/>Estado de M\u00e9xico<br \/>TEL +52 1 55 8005 1564<\/p>\n<p>[\/et_pb_text][\/et_pb_column][et_pb_column type=&#8221;1_4&#8243; _builder_version=&#8221;4.15.1&#8243; _module_preset=&#8221;default&#8221; global_colors_info=&#8221;{}&#8221;][\/et_pb_column][et_pb_column type=&#8221;1_4&#8243; _builder_version=&#8221;4.15.1&#8243; _module_preset=&#8221;default&#8221; global_colors_info=&#8221;{}&#8221;][et_pb_image src=&#8221;https:\/\/duepeicomercial.com\/wp-content\/uploads\/2023\/02\/LOGO-DUEPEI-ESPACIOS-COMERCIALES.png&#8221; title_text=&#8221;LOGO DUEPEI ESPACIOS COMERCIALES&#8221; _builder_version=&#8221;4.15.1&#8243; _module_preset=&#8221;default&#8221; transform_scale=&#8221;88%|88%&#8221; global_colors_info=&#8221;{}&#8221;][\/et_pb_image][\/et_pb_column][\/et_pb_row][et_pb_row _builder_version=&#8221;4.15.1&#8243; _module_preset=&#8221;default&#8221; custom_padding=&#8221;||57px|||&#8221; global_colors_info=&#8221;{}&#8221;][et_pb_column type=&#8221;4_4&#8243; _builder_version=&#8221;4.15.1&#8243; _module_preset=&#8221;default&#8221; global_colors_info=&#8221;{}&#8221;][et_pb_text _builder_version=&#8221;4.15.1&#8243; _module_preset=&#8221;default&#8221; text_font=&#8221;Bebas Neue||||||||&#8221; text_text_color=&#8221;rgba(255,255,255,0.71)&#8221; text_font_size=&#8221;17px&#8221; text_letter_spacing=&#8221;2px&#8221; global_colors_info=&#8221;{}&#8221;]<\/p>\n<p style=\"text-align: center;\">\u00a9 2022<span> <\/span>DUEPEI ESPACIOS INTELIGENTES | AVISO DE PRIVACIDAD | POLITICAS DE COOKIES<\/p>\n<p>[\/et_pb_text][\/et_pb_column][\/et_pb_row][\/et_pb_section]<\/p>\n","protected":false},"excerpt":{"rendered":"<p>Las mejores noticias,tendencias y contenido sobre dise\u00f1o de espacios comercialesMENUINICIONOSOTROSSERVICIOSNOTICIASCONTACTODuepei M\u00e9xicoBosque de EchegarayNaucalpanCP 53310Estado de M\u00e9xicoTEL +52 1 55 8005 1564\u00a9 2022 DUEPEI ESPACIOS INTELIGENTES | AVISO DE PRIVACIDAD | POLITICAS DE COOKIES<\/p>\n","protected":false},"author":1,"featured_media":0,"parent":0,"menu_order":0,"comment_status":"closed","ping_status":"closed","template":"page-template-blank.php","meta":{"_et_pb_use_builder":"on","_et_pb_old_content":"","_et_gb_content_width":"","footnotes":""},"class_list":["post-10","page","type-page","status-publish","hentry"],"yoast_head":"<!-- This site is optimized with the Yoast SEO plugin v20.0 - https:\/\/yoast.com\/wordpress\/plugins\/seo\/ -->\n<title>Noticias - comercial<\/title>\n<meta name=\"robots\" content=\"index, follow, max-snippet:-1, max-image-preview:large, max-video-preview:-1\" \/>\n<link rel=\"canonical\" href=\"https:\/\/duepeicomercial.com\/?page_id=10\" \/>\n<meta property=\"og:locale\" content=\"es_MX\" \/>\n<meta property=\"og:type\" content=\"article\" \/>\n<meta property=\"og:title\" content=\"Noticias - comercial\" \/>\n<meta property=\"og:description\" content=\"Las mejores noticias,tendencias y contenido sobre dise\u00f1o de espacios comercialesMENUINICIONOSOTROSSERVICIOSNOTICIASCONTACTODuepei M\u00e9xicoBosque de EchegarayNaucalpanCP 53310Estado de M\u00e9xicoTEL +52 1 55 8005 1564\u00a9 2022 DUEPEI ESPACIOS INTELIGENTES | AVISO DE PRIVACIDAD | POLITICAS DE COOKIES\" \/>\n<meta property=\"og:url\" content=\"https:\/\/duepeicomercial.com\/?page_id=10\" \/>\n<meta property=\"og:site_name\" content=\"comercial\" \/>\n<meta property=\"article:modified_time\" content=\"2023-02-02T04:37:59+00:00\" \/>\n<meta name=\"twitter:card\" content=\"summary_large_image\" \/>\n<script type=\"application\/ld+json\" class=\"yoast-schema-graph\">{\"@context\":\"https:\/\/schema.org\",\"@graph\":[{\"@type\":\"WebPage\",\"@id\":\"https:\/\/duepeicomercial.com\/?page_id=10\",\"url\":\"https:\/\/duepeicomercial.com\/?page_id=10\",\"name\":\"Noticias - comercial\",\"isPartOf\":{\"@id\":\"https:\/\/duepeicomercial.com\/#website\"},\"datePublished\":\"2022-10-22T21:41:42+00:00\",\"dateModified\":\"2023-02-02T04:37:59+00:00\",\"breadcrumb\":{\"@id\":\"https:\/\/duepeicomercial.com\/?page_id=10#breadcrumb\"},\"inLanguage\":\"es\",\"potentialAction\":[{\"@type\":\"ReadAction\",\"target\":[\"https:\/\/duepeicomercial.com\/?page_id=10\"]}]},{\"@type\":\"BreadcrumbList\",\"@id\":\"https:\/\/duepeicomercial.com\/?page_id=10#breadcrumb\",\"itemListElement\":[{\"@type\":\"ListItem\",\"position\":1,\"name\":\"Inicio\",\"item\":\"https:\/\/duepeicomercial.com\/\"},{\"@type\":\"ListItem\",\"position\":2,\"name\":\"Noticias\"}]},{\"@type\":\"WebSite\",\"@id\":\"https:\/\/duepeicomercial.com\/#website\",\"url\":\"https:\/\/duepeicomercial.com\/\",\"name\":\"comercial\",\"description\":\"Just another WordPress site\",\"publisher\":{\"@id\":\"https:\/\/duepeicomercial.com\/#organization\"},\"potentialAction\":[{\"@type\":\"SearchAction\",\"target\":{\"@type\":\"EntryPoint\",\"urlTemplate\":\"https:\/\/duepeicomercial.com\/?s={search_term_string}\"},\"query-input\":\"required name=search_term_string\"}],\"inLanguage\":\"es\"},{\"@type\":\"Organization\",\"@id\":\"https:\/\/duepeicomercial.com\/#organization\",\"name\":\"Duepei comercial\",\"url\":\"https:\/\/duepeicomercial.com\/\",\"logo\":{\"@type\":\"ImageObject\",\"inLanguage\":\"es\",\"@id\":\"https:\/\/duepeicomercial.com\/#\/schema\/logo\/image\/\",\"url\":\"https:\/\/duepeicomercial.com\/wp-content\/uploads\/2023\/02\/LOGO-DUEPEI-ESPACIOS-COMERCIALES-2.png\",\"contentUrl\":\"https:\/\/duepeicomercial.com\/wp-content\/uploads\/2023\/02\/LOGO-DUEPEI-ESPACIOS-COMERCIALES-2.png\",\"width\":413,\"height\":139,\"caption\":\"Duepei comercial\"},\"image\":{\"@id\":\"https:\/\/duepeicomercial.com\/#\/schema\/logo\/image\/\"}}]}<\/script>\n<!-- \/ Yoast SEO plugin. -->","yoast_head_json":{"title":"Noticias - comercial","robots":{"index":"index","follow":"follow","max-snippet":"max-snippet:-1","max-image-preview":"max-image-preview:large","max-video-preview":"max-video-preview:-1"},"canonical":"https:\/\/duepeicomercial.com\/?page_id=10","og_locale":"es_MX","og_type":"article","og_title":"Noticias - comercial","og_description":"Las mejores noticias,tendencias y contenido sobre dise\u00f1o de espacios comercialesMENUINICIONOSOTROSSERVICIOSNOTICIASCONTACTODuepei M\u00e9xicoBosque de EchegarayNaucalpanCP 53310Estado de M\u00e9xicoTEL +52 1 55 8005 1564\u00a9 2022 DUEPEI ESPACIOS INTELIGENTES | AVISO DE PRIVACIDAD | POLITICAS DE COOKIES","og_url":"https:\/\/duepeicomercial.com\/?page_id=10","og_site_name":"comercial","article_modified_time":"2023-02-02T04:37:59+00:00","twitter_card":"summary_large_image","schema":{"@context":"https:\/\/schema.org","@graph":[{"@type":"WebPage","@id":"https:\/\/duepeicomercial.com\/?page_id=10","url":"https:\/\/duepeicomercial.com\/?page_id=10","name":"Noticias - comercial","isPartOf":{"@id":"https:\/\/duepeicomercial.com\/#website"},"datePublished":"2022-10-22T21:41:42+00:00","dateModified":"2023-02-02T04:37:59+00:00","breadcrumb":{"@id":"https:\/\/duepeicomercial.com\/?page_id=10#breadcrumb"},"inLanguage":"es","potentialAction":[{"@type":"ReadAction","target":["https:\/\/duepeicomercial.com\/?page_id=10"]}]},{"@type":"BreadcrumbList","@id":"https:\/\/duepeicomercial.com\/?page_id=10#breadcrumb","itemListElement":[{"@type":"ListItem","position":1,"name":"Inicio","item":"https:\/\/duepeicomercial.com\/"},{"@type":"ListItem","position":2,"name":"Noticias"}]},{"@type":"WebSite","@id":"https:\/\/duepeicomercial.com\/#website","url":"https:\/\/duepeicomercial.com\/","name":"comercial","description":"Just another WordPress site","publisher":{"@id":"https:\/\/duepeicomercial.com\/#organization"},"potentialAction":[{"@type":"SearchAction","target":{"@type":"EntryPoint","urlTemplate":"https:\/\/duepeicomercial.com\/?s={search_term_string}"},"query-input":"required name=search_term_string"}],"inLanguage":"es"},{"@type":"Organization","@id":"https:\/\/duepeicomercial.com\/#organization","name":"Duepei comercial","url":"https:\/\/duepeicomercial.com\/","logo":{"@type":"ImageObject","inLanguage":"es","@id":"https:\/\/duepeicomercial.com\/#\/schema\/logo\/image\/","url":"https:\/\/duepeicomercial.com\/wp-content\/uploads\/2023\/02\/LOGO-DUEPEI-ESPACIOS-COMERCIALES-2.png","contentUrl":"https:\/\/duepeicomercial.com\/wp-content\/uploads\/2023\/02\/LOGO-DUEPEI-ESPACIOS-COMERCIALES-2.png","width":413,"height":139,"caption":"Duepei comercial"},"image":{"@id":"https:\/\/duepeicomercial.com\/#\/schema\/logo\/image\/"}}]}},"_links":{"self":[{"href":"https:\/\/duepeicomercial.com\/index.php?rest_route=\/wp\/v2\/pages\/10","targetHints":{"allow":["GET"]}}],"collection":[{"href":"https:\/\/duepeicomercial.com\/index.php?rest_route=\/wp\/v2\/pages"}],"about":[{"href":"https:\/\/duepeicomercial.com\/index.php?rest_route=\/wp\/v2\/types\/page"}],"author":[{"embeddable":true,"href":"https:\/\/duepeicomercial.com\/index.php?rest_route=\/wp\/v2\/users\/1"}],"replies":[{"embeddable":true,"href":"https:\/\/duepeicomercial.com\/index.php?rest_route=%2Fwp%2Fv2%2Fcomments&post=10"}],"version-history":[{"count":8,"href":"https:\/\/duepeicomercial.com\/index.php?rest_route=\/wp\/v2\/pages\/10\/revisions"}],"predecessor-version":[{"id":303,"href":"https:\/\/duepeicomercial.com\/index.php?rest_route=\/wp\/v2\/pages\/10\/revisions\/303"}],"wp:attachment":[{"href":"https:\/\/duepeicomercial.com\/index.php?rest_route=%2Fwp%2Fv2%2Fmedia&parent=10"}],"curies":[{"name":"wp","href":"https:\/\/api.w.org\/{rel}","templated":true}]}}